{"id":438,"date":"2007-08-05T21:32:30","date_gmt":"2007-08-05T19:32:30","guid":{"rendered":"http:\/\/www.dissonanzstudien.de\/blog\/?page_id=438"},"modified":"2022-01-15T19:10:12","modified_gmt":"2022-01-15T18:10:12","slug":"impressum","status":"publish","type":"page","link":"https:\/\/www.dissonanzstudien.de\/blog\/impressum\/","title":{"rendered":"impressum | kontakt | haftungsausschluss"},"content":{"rendered":"\n<p>andreas greger<br>knorrpromenade 3<br>10245 berlin<br>tel.: +49 151 12709542<br>mail: stype at dissonanzstudien dot de<br><a href=\"mailto:stype@dissonanzstudien.de?subject=booking-request: [place] \/ [date]\">mail-vorlage f\u00fcr dj-bookings<\/a><br>wire \/ skype: stype808<br>telegram: @stype808<br><a rel=\"noreferrer noopener\" href=\"https:\/\/www.instagram.com\/stype808\" target=\"_blank\">instagram.com\/stype808<\/a><br><a rel=\"noreferrer noopener\" href=\"https:\/\/mstdn.social\/@stype808\" target=\"_blank\">mastodon<\/a><br><a href=\"http:\/\/www.facebook.com\/stype808\">facebook.com\/stype808<\/a><br><a rel=\"noreferrer noopener\" href=\"http:\/\/www.soundcloud.com\/stype\" target=\"_blank\">soundcloud.com\/stype<\/a><br><a rel=\"noreferrer noopener\" href=\"http:\/\/www.myspace.com\/stype909\" target=\"_blank\">myspace.com\/stype909<\/a><br><a rel=\"noreferrer noopener\" href=\"http:\/\/ello.co\/stype\" target=\"_blank\">ello.co\/stype<\/a><\/p>\n\n\n\n<p><strong>haftung f\u00fcr links:<br><\/strong><br>mein webauftritt unter der domain <a href=\"http:\/\/www.dissonanzstudien.de\/\">www.dissonanzstudien.de<\/a> kann verkn\u00fcpfungen zu websites dritter (&#8222;externe links&#8220;) enthalten. f\u00fcr die inhalte dieser websites sind die jeweiligen anbieter verantwortlich. zum zeitpunkt der setzung der externen links war eine rechtswidrigkeit der verlinkten inhalte nicht ersichtlich. auf die aktuelle und zuk\u00fcnftige gestaltung der inhalte und\/oder deren urheberschaft habe ich keinerlei einfluss.<\/p>\n\n\n\n<p>hiermit distanziere ich mich ausdr\u00fccklich von s\u00e4mtlichen inhalten der verlinkten seiten und mache mir diese inhalte nicht zu eigen. diese erkl\u00e4rung gilt f\u00fcr alle auf <a href=\"http:\/\/www.dissonanzstudien.de\/\">www.dissonanzstudien.de<\/a> gesetzten links. ich \u00fcbernehme keine haftung f\u00fcr die dort angebotenen informationen.<\/p>\n\n\n\n<p><strong>eigene inhalte:<\/strong><\/p>\n\n\n\n<p>die informationen meines web-auftrittes werden mit gr\u00f6\u00dftm\u00f6glicher sorgfalt erstellt.<\/p>\n\n\n\n<p>gleichwohl \u00fcbernehme ich keine gew\u00e4hr f\u00fcr die aktualit\u00e4t, korrektheit, vollst\u00e4ndigkeit oder qualit\u00e4t der bereitgestellten informationen. ihre nutzung der in meinem web-auftritt bereitgestellten informationen erfolgt auf eigene gefahr. haftungsanspr\u00fcche gegen mich, welche sich auf sch\u00e4den materieller oder ideeller art beziehen, die durch die nutzung oder nichtnutzung der dargebotenen informationen bzw. durch die nutzung fehlerhafter und unvollst\u00e4ndiger informationen verursacht wurden, sind grunds\u00e4tzlich ausgeschlossen, sofern mich kein nachweislich vors\u00e4tzliches oder grob fahrl\u00e4ssiges verschulden trifft.<\/p>\n","protected":false},"excerpt":{"rendered":"<p>andreas gregerknorrpromenade 310245 berlintel.: +49 151 12709542mail: stype at dissonanzstudien dot demail-vorlage f\u00fcr dj-bookingswire \/ skype: stype808telegram: @stype808instagram.com\/stype808mastodonfacebook.com\/stype808soundcloud.com\/stypemyspace.com\/stype909ello.co\/stype haftung f\u00fcr links:mein webauftritt unter der domain www.dissonanzstudien.de kann verkn\u00fcpfungen zu websites dritter (&#8222;externe links&#8220;) enthalten. f\u00fcr die inhalte dieser websites sind die jeweiligen anbieter verantwortlich. zum zeitpunkt der setzung der externen links war eine rechtswidrigkeit der&hellip;<\/p>\n","protected":false},"author":1,"featured_media":0,"parent":0,"menu_order":0,"comment_status":"closed","ping_status":"closed","template":"","meta":{"_lmt_disableupdate":"","_lmt_disable":"","footnotes":""},"class_list":["post-438","page","type-page","status-publish","hentry"],"_links":{"self":[{"href":"https:\/\/www.dissonanzstudien.de\/blog\/wp-json\/wp\/v2\/pages\/438","targetHints":{"allow":["GET"]}}],"collection":[{"href":"https:\/\/www.dissonanzstudien.de\/blog\/wp-json\/wp\/v2\/pages"}],"about":[{"href":"https:\/\/www.dissonanzstudien.de\/blog\/wp-json\/wp\/v2\/types\/page"}],"author":[{"embeddable":true,"href":"https:\/\/www.dissonanzstudien.de\/blog\/wp-json\/wp\/v2\/users\/1"}],"replies":[{"embeddable":true,"href":"https:\/\/www.dissonanzstudien.de\/blog\/wp-json\/wp\/v2\/comments?post=438"}],"version-history":[{"count":4,"href":"https:\/\/www.dissonanzstudien.de\/blog\/wp-json\/wp\/v2\/pages\/438\/revisions"}],"predecessor-version":[{"id":6238,"href":"https:\/\/www.dissonanzstudien.de\/blog\/wp-json\/wp\/v2\/pages\/438\/revisions\/6238"}],"wp:attachment":[{"href":"https:\/\/www.dissonanzstudien.de\/blog\/wp-json\/wp\/v2\/media?parent=438"}],"curies":[{"name":"wp","href":"https:\/\/api.w.org\/{rel}","templated":true}]}}